{"id":2700,"date":"2021-06-04T07:29:52","date_gmt":"2021-06-04T07:29:52","guid":{"rendered":"https:\/\/ocean-keepers.org\/blog\/"},"modified":"2021-06-14T09:47:51","modified_gmt":"2021-06-14T09:47:51","slug":"blog","status":"publish","type":"page","link":"https:\/\/ocean-keepers.org\/en\/blog\/","title":{"rendered":"Blog"},"content":{"rendered":"\t\t<div data-elementor-type=\"wp-page\" data-elementor-id=\"2700\" class=\"elementor elementor-2700 elementor-1914\" data-elementor-post-type=\"page\">\n\t\t\t\t\t\t<section class=\"elementor-section elementor-top-section elementor-element elementor-element-2dfc0002 elementor-section-full_width elementor-section-height-min-height elementor-section-items-stretch elementor-section-content-top elementor-section-height-default\" data-id=\"2dfc0002\" data-element_type=\"section\" data-e-type=\"section\" data-settings=\"{&quot;motion_fx_motion_fx_scrolling&quot;:&quot;yes&quot;,&quot;motion_fx_devices&quot;:[&quot;desktop&quot;,&quot;tablet&quot;,&quot;mobile&quot;]}\">\n\t\t\t\t\t\t<div class=\"elementor-container elementor-column-gap-no\">\n\t\t\t\t\t<div class=\"elementor-column elementor-col-50 elementor-top-column elementor-element elementor-element-45cafb1b\" data-id=\"45cafb1b\" data-element_type=\"column\" data-e-type=\"column\">\n\t\t\t<div class=\"elementor-widget-wrap elementor-element-populated\">\n\t\t\t\t\t\t<div class=\"elementor-element elementor-element-70d155c2 elementor-widget elementor-widget-image\" data-id=\"70d155c2\" data-element_type=\"widget\" data-e-type=\"widget\" data-widget_type=\"image.default\">\n\t\t\t\t<div class=\"elementor-widget-container\">\n\t\t\t\t\t\t\t\t\t\t\t\t\t\t\t<img fetchpriority=\"high\" decoding=\"async\" width=\"700\" height=\"700\" src=\"https:\/\/ocean-keepers.org\/wp-content\/uploads\/2021\/05\/img-blog-1.png\" class=\"attachment-full size-full wp-image-2390\" alt=\"Medios mar\u00edtimos Ocean Keepers\" srcset=\"https:\/\/ocean-keepers.org\/wp-content\/uploads\/2021\/05\/img-blog-1.png 700w, https:\/\/ocean-keepers.org\/wp-content\/uploads\/2021\/05\/img-blog-1-300x300.png 300w, https:\/\/ocean-keepers.org\/wp-content\/uploads\/2021\/05\/img-blog-1-150x150.png 150w\" sizes=\"(max-width: 700px) 100vw, 700px\" \/>\t\t\t\t\t\t\t\t\t\t\t\t\t\t\t<\/div>\n\t\t\t\t<\/div>\n\t\t\t\t<div class=\"elementor-element elementor-element-608bdd53 elementor-widget__width-initial elementor-widget-tablet__width-initial elementor-widget elementor-widget-spacer\" data-id=\"608bdd53\" data-element_type=\"widget\" data-e-type=\"widget\" data-widget_type=\"spacer.default\">\n\t\t\t\t<div class=\"elementor-widget-container\">\n\t\t\t\t\t\t\t<div class=\"elementor-spacer\">\n\t\t\t<div class=\"elementor-spacer-inner\"><\/div>\n\t\t<\/div>\n\t\t\t\t\t\t<\/div>\n\t\t\t\t<\/div>\n\t\t\t\t\t<\/div>\n\t\t<\/div>\n\t\t\t\t<div class=\"elementor-column elementor-col-50 elementor-top-column elementor-element elementor-element-267de739\" data-id=\"267de739\" data-element_type=\"column\" data-e-type=\"column\">\n\t\t\t<div class=\"elementor-widget-wrap elementor-element-populated\">\n\t\t\t\t\t\t<div class=\"elementor-element elementor-element-3164c3f1 elementor-widget elementor-widget-heading\" data-id=\"3164c3f1\" data-element_type=\"widget\" data-e-type=\"widget\" data-widget_type=\"heading.default\">\n\t\t\t\t<div class=\"elementor-widget-container\">\n\t\t\t\t\t<h2 class=\"elementor-heading-title elementor-size-default\">Keepers in action!<\/h2>\t\t\t\t<\/div>\n\t\t\t\t<\/div>\n\t\t\t\t<div class=\"elementor-element elementor-element-7f03d250 elementor-absolute elementor-widget elementor-widget-spacer\" data-id=\"7f03d250\" data-element_type=\"widget\" data-e-type=\"widget\" data-settings=\"{&quot;_position&quot;:&quot;absolute&quot;}\" data-widget_type=\"spacer.default\">\n\t\t\t\t<div class=\"elementor-widget-container\">\n\t\t\t\t\t\t\t<div class=\"elementor-spacer\">\n\t\t\t<div class=\"elementor-spacer-inner\"><\/div>\n\t\t<\/div>\n\t\t\t\t\t\t<\/div>\n\t\t\t\t<\/div>\n\t\t\t\t\t<\/div>\n\t\t<\/div>\n\t\t\t\t\t<\/div>\n\t\t<\/section>\n\t\t\t\t<section class=\"elementor-section elementor-top-section elementor-element elementor-element-76f7f247 elementor-section-full_width elementor-section-height-default elementor-section-height-default\" data-id=\"76f7f247\" data-element_type=\"section\" data-e-type=\"section\" data-settings=\"{&quot;motion_fx_motion_fx_scrolling&quot;:&quot;yes&quot;,&quot;motion_fx_devices&quot;:[&quot;desktop&quot;,&quot;tablet&quot;,&quot;mobile&quot;]}\">\n\t\t\t\t\t\t<div class=\"elementor-container elementor-column-gap-no\">\n\t\t\t\t\t<div class=\"elementor-column elementor-col-100 elementor-top-column elementor-element elementor-element-4eebc893\" data-id=\"4eebc893\" data-element_type=\"column\" data-e-type=\"column\">\n\t\t\t<div class=\"elementor-widget-wrap elementor-element-populated\">\n\t\t\t\t\t\t<div class=\"elementor-element elementor-element-774ee048 elementor-grid-2 elementor-posts__hover-none elementor-grid-tablet-2 elementor-grid-mobile-1 elementor-posts--thumbnail-top elementor-card-shadow-yes elementor-widget elementor-widget-posts\" data-id=\"774ee048\" data-element_type=\"widget\" data-e-type=\"widget\" data-settings=\"{&quot;cards_columns&quot;:&quot;2&quot;,&quot;cards_row_gap&quot;:{&quot;unit&quot;:&quot;px&quot;,&quot;size&quot;:&quot;60&quot;,&quot;sizes&quot;:[]},&quot;cards_columns_tablet&quot;:&quot;2&quot;,&quot;cards_columns_mobile&quot;:&quot;1&quot;,&quot;cards_row_gap_tablet&quot;:{&quot;unit&quot;:&quot;px&quot;,&quot;size&quot;:&quot;&quot;,&quot;sizes&quot;:[]},&quot;cards_row_gap_mobile&quot;:{&quot;unit&quot;:&quot;px&quot;,&quot;size&quot;:&quot;&quot;,&quot;sizes&quot;:[]}}\" data-widget_type=\"posts.cards\">\n\t\t\t\t<div class=\"elementor-widget-container\">\n\t\t\t\t\t\t\t<div class=\"elementor-posts-container elementor-posts elementor-posts--skin-cards elementor-grid\" role=\"list\">\n\t\t\t\t<article class=\"elementor-post elementor-grid-item post-3226 post type-post status-publish format-standard has-post-thumbnail hentry category-colocacion-derecha-en category-limpieza-en tag-limpieza-en\" role=\"listitem\">\n\t\t\t<div class=\"elementor-post__card\">\n\t\t\t\t<a class=\"elementor-post__thumbnail__link\" href=\"https:\/\/ocean-keepers.org\/en\/2023\/06\/23\/arrancamos-2023\/\" tabindex=\"-1\" ><div class=\"elementor-post__thumbnail\"><img decoding=\"async\" width=\"1600\" height=\"1200\" src=\"https:\/\/ocean-keepers.org\/wp-content\/uploads\/2023\/06\/WhatsApp-Image-2023-06-05-at-17.29.52.jpeg\" class=\"attachment-full size-full wp-image-3222\" alt=\"\" srcset=\"https:\/\/ocean-keepers.org\/wp-content\/uploads\/2023\/06\/WhatsApp-Image-2023-06-05-at-17.29.52.jpeg 1600w, https:\/\/ocean-keepers.org\/wp-content\/uploads\/2023\/06\/WhatsApp-Image-2023-06-05-at-17.29.52-300x225.jpeg 300w, https:\/\/ocean-keepers.org\/wp-content\/uploads\/2023\/06\/WhatsApp-Image-2023-06-05-at-17.29.52-1024x768.jpeg 1024w, https:\/\/ocean-keepers.org\/wp-content\/uploads\/2023\/06\/WhatsApp-Image-2023-06-05-at-17.29.52-768x576.jpeg 768w, https:\/\/ocean-keepers.org\/wp-content\/uploads\/2023\/06\/WhatsApp-Image-2023-06-05-at-17.29.52-1536x1152.jpeg 1536w\" sizes=\"(max-width: 1600px) 100vw, 1600px\" \/><\/div><\/a>\n\t\t\t\t<div class=\"elementor-post__badge\">LIMPIEZA<\/div>\n\t\t\t\t<div class=\"elementor-post__text\">\n\t\t\t\t<h3 class=\"elementor-post__title\">\n\t\t\t<a href=\"https:\/\/ocean-keepers.org\/en\/2023\/06\/23\/arrancamos-2023\/\" >\n\t\t\t\t\u00a1Arrancamos 2023!\t\t\t<\/a>\n\t\t<\/h3>\n\t\t\t\t<div class=\"elementor-post__excerpt\">\n\t\t\t<p>Estamos organizando la siguiente campa\u00f1a con m\u00e1s ambici\u00f3n que nunca, motivadas por la enorme cantidad de residuos encontrados durante las campa\u00f1as anteriores. Pero tambi\u00e9n porque<\/p>\n\t\t<\/div>\n\t\t\t\t<\/div>\n\t\t\t\t\t<\/div>\n\t\t<\/article>\n\t\t\t\t<article class=\"elementor-post elementor-grid-item post-3228 post type-post status-publish format-standard has-post-thumbnail hentry category-limpieza-en tag-limpieza-en\" role=\"listitem\">\n\t\t\t<div class=\"elementor-post__card\">\n\t\t\t\t<a class=\"elementor-post__thumbnail__link\" href=\"https:\/\/ocean-keepers.org\/en\/2022\/11\/10\/cierre-de-temporada-2022\/\" tabindex=\"-1\" ><div class=\"elementor-post__thumbnail\"><img decoding=\"async\" width=\"955\" height=\"695\" src=\"https:\/\/ocean-keepers.org\/wp-content\/uploads\/2023\/06\/v3.jpg\" class=\"attachment-full size-full wp-image-3178\" alt=\"\" srcset=\"https:\/\/ocean-keepers.org\/wp-content\/uploads\/2023\/06\/v3.jpg 955w, https:\/\/ocean-keepers.org\/wp-content\/uploads\/2023\/06\/v3-300x218.jpg 300w, https:\/\/ocean-keepers.org\/wp-content\/uploads\/2023\/06\/v3-768x559.jpg 768w\" sizes=\"(max-width: 955px) 100vw, 955px\" \/><\/div><\/a>\n\t\t\t\t<div class=\"elementor-post__badge\">LIMPIEZA<\/div>\n\t\t\t\t<div class=\"elementor-post__text\">\n\t\t\t\t<h3 class=\"elementor-post__title\">\n\t\t\t<a href=\"https:\/\/ocean-keepers.org\/en\/2022\/11\/10\/cierre-de-temporada-2022\/\" >\n\t\t\t\tCierre de temporada 2022\t\t\t<\/a>\n\t\t<\/h3>\n\t\t\t\t<div class=\"elementor-post__excerpt\">\n\t\t\t<p>Una temporada de limpieza con grandes logros, en la que hemos conseguido validar nuestro modelo de trabajo y movilizar a un gran n\u00famero de voluntarias.<\/p>\n\t\t<\/div>\n\t\t\t\t<\/div>\n\t\t\t\t\t<\/div>\n\t\t<\/article>\n\t\t\t\t<article class=\"elementor-post elementor-grid-item post-3168 post type-post status-publish format-standard has-post-thumbnail hentry category-colocacion-blog-en category-limpieza-en tag-limpieza-en\" role=\"listitem\">\n\t\t\t<div class=\"elementor-post__card\">\n\t\t\t\t<a class=\"elementor-post__thumbnail__link\" href=\"https:\/\/ocean-keepers.org\/en\/2022\/06\/07\/temporada-2022\/\" tabindex=\"-1\" ><div class=\"elementor-post__thumbnail\"><img loading=\"lazy\" decoding=\"async\" width=\"1659\" height=\"839\" src=\"https:\/\/ocean-keepers.org\/wp-content\/uploads\/2022\/06\/WhatsApp-Image-2022-05-28-at-12.37.32-PM.jpeg\" class=\"attachment-full size-full wp-image-3154\" alt=\"\" srcset=\"https:\/\/ocean-keepers.org\/wp-content\/uploads\/2022\/06\/WhatsApp-Image-2022-05-28-at-12.37.32-PM.jpeg 1659w, https:\/\/ocean-keepers.org\/wp-content\/uploads\/2022\/06\/WhatsApp-Image-2022-05-28-at-12.37.32-PM-300x152.jpeg 300w, https:\/\/ocean-keepers.org\/wp-content\/uploads\/2022\/06\/WhatsApp-Image-2022-05-28-at-12.37.32-PM-1024x518.jpeg 1024w, https:\/\/ocean-keepers.org\/wp-content\/uploads\/2022\/06\/WhatsApp-Image-2022-05-28-at-12.37.32-PM-768x388.jpeg 768w, https:\/\/ocean-keepers.org\/wp-content\/uploads\/2022\/06\/WhatsApp-Image-2022-05-28-at-12.37.32-PM-1536x777.jpeg 1536w\" sizes=\"(max-width: 1659px) 100vw, 1659px\" \/><\/div><\/a>\n\t\t\t\t<div class=\"elementor-post__badge\">LIMPIEZA<\/div>\n\t\t\t\t<div class=\"elementor-post__text\">\n\t\t\t\t<h3 class=\"elementor-post__title\">\n\t\t\t<a href=\"https:\/\/ocean-keepers.org\/en\/2022\/06\/07\/temporada-2022\/\" >\n\t\t\t\t2022 Season!\t\t\t<\/a>\n\t\t<\/h3>\n\t\t\t\t<div class=\"elementor-post__excerpt\">\n\t\t\t<p>We are very happy to have started our 2022 CLEANING SEASON.<\/p>\n\t\t<\/div>\n\t\t\t\t<\/div>\n\t\t\t\t\t<\/div>\n\t\t<\/article>\n\t\t\t\t<article class=\"elementor-post elementor-grid-item post-3053 post type-post status-publish format-standard has-post-thumbnail hentry category-empresas-colaboradoras-en category-uncategorized tag-colaboradoras-en tag-donaciones-en\" role=\"listitem\">\n\t\t\t<div class=\"elementor-post__card\">\n\t\t\t\t<a class=\"elementor-post__thumbnail__link\" href=\"https:\/\/ocean-keepers.org\/en\/2021\/11\/23\/rossopomodoro-con-ocean-keepers\/\" tabindex=\"-1\" ><div class=\"elementor-post__thumbnail\"><img loading=\"lazy\" decoding=\"async\" width=\"980\" height=\"951\" src=\"https:\/\/ocean-keepers.org\/wp-content\/uploads\/2021\/11\/Rossopomodoro.jpg\" class=\"attachment-full size-full wp-image-3052\" alt=\"Comida Rossopomodoro\" srcset=\"https:\/\/ocean-keepers.org\/wp-content\/uploads\/2021\/11\/Rossopomodoro.jpg 980w, https:\/\/ocean-keepers.org\/wp-content\/uploads\/2021\/11\/Rossopomodoro-300x291.jpg 300w, https:\/\/ocean-keepers.org\/wp-content\/uploads\/2021\/11\/Rossopomodoro-768x745.jpg 768w\" sizes=\"(max-width: 980px) 100vw, 980px\" \/><\/div><\/a>\n\t\t\t\t<div class=\"elementor-post__badge\">COLABORADORAS<\/div>\n\t\t\t\t<div class=\"elementor-post__text\">\n\t\t\t\t<h3 class=\"elementor-post__title\">\n\t\t\t<a href=\"https:\/\/ocean-keepers.org\/en\/2021\/11\/23\/rossopomodoro-con-ocean-keepers\/\" >\n\t\t\t\tBenvenuti, Rossopomodoro\t\t\t<\/a>\n\t\t<\/h3>\n\t\t\t\t<div class=\"elementor-post__excerpt\">\n\t\t\t<p>We love the taste of our new great ally, literally speaking!<\/p>\n\t\t<\/div>\n\t\t\t\t<\/div>\n\t\t\t\t\t<\/div>\n\t\t<\/article>\n\t\t\t\t<article class=\"elementor-post elementor-grid-item post-3012 post type-post status-publish format-standard has-post-thumbnail hentry category-uncategorized tag-world-cleanup-day-en\" role=\"listitem\">\n\t\t\t<div class=\"elementor-post__card\">\n\t\t\t\t<a class=\"elementor-post__thumbnail__link\" href=\"https:\/\/ocean-keepers.org\/en\/2021\/09\/30\/world-cleanup-day-2021-formentera-nuestro-granito-de-arena\/\" tabindex=\"-1\" ><div class=\"elementor-post__thumbnail\"><img loading=\"lazy\" decoding=\"async\" width=\"1792\" height=\"1143\" src=\"https:\/\/ocean-keepers.org\/wp-content\/uploads\/2021\/09\/dia_mundial_limpieza.jpg\" class=\"attachment-full size-full wp-image-3004\" alt=\"\" srcset=\"https:\/\/ocean-keepers.org\/wp-content\/uploads\/2021\/09\/dia_mundial_limpieza.jpg 1792w, https:\/\/ocean-keepers.org\/wp-content\/uploads\/2021\/09\/dia_mundial_limpieza-300x191.jpg 300w, https:\/\/ocean-keepers.org\/wp-content\/uploads\/2021\/09\/dia_mundial_limpieza-1024x653.jpg 1024w, https:\/\/ocean-keepers.org\/wp-content\/uploads\/2021\/09\/dia_mundial_limpieza-768x490.jpg 768w, https:\/\/ocean-keepers.org\/wp-content\/uploads\/2021\/09\/dia_mundial_limpieza-1536x980.jpg 1536w\" sizes=\"(max-width: 1792px) 100vw, 1792px\" \/><\/div><\/a>\n\t\t\t\t<div class=\"elementor-post__badge\">World Cleanup Day<\/div>\n\t\t\t\t<div class=\"elementor-post__text\">\n\t\t\t\t<h3 class=\"elementor-post__title\">\n\t\t\t<a href=\"https:\/\/ocean-keepers.org\/en\/2021\/09\/30\/world-cleanup-day-2021-formentera-nuestro-granito-de-arena\/\" >\n\t\t\t\tWorld Cleanup Day 2021. Formentera: nuestro granito de arena.\t\t\t<\/a>\n\t\t<\/h3>\n\t\t\t\t<div class=\"elementor-post__excerpt\">\n\t\t\t<p>En Ocean Keepers no quer\u00edamos dejar pasar esta fecha, el 18 de septiembre, para sumarnos al World Cleanup DayParte del equipo de limpieza de este<\/p>\n\t\t<\/div>\n\t\t\t\t<\/div>\n\t\t\t\t\t<\/div>\n\t\t<\/article>\n\t\t\t\t<article class=\"elementor-post elementor-grid-item post-2997 post type-post status-publish format-standard has-post-thumbnail hentry category-colocacion-blog-en category-limpieza-en\" role=\"listitem\">\n\t\t\t<div class=\"elementor-post__card\">\n\t\t\t\t<a class=\"elementor-post__thumbnail__link\" href=\"https:\/\/ocean-keepers.org\/en\/2021\/07\/28\/limpieza-en-ibiza-y-formentera\/\" tabindex=\"-1\" ><div class=\"elementor-post__thumbnail\"><img loading=\"lazy\" decoding=\"async\" width=\"1920\" height=\"1177\" src=\"https:\/\/ocean-keepers.org\/wp-content\/uploads\/2021\/07\/Campan\u0303a-2021.jpg\" class=\"attachment-full size-full wp-image-2996\" alt=\"Limpieza en Ibiza\" srcset=\"https:\/\/ocean-keepers.org\/wp-content\/uploads\/2021\/07\/Campan\u0303a-2021.jpg 1920w, https:\/\/ocean-keepers.org\/wp-content\/uploads\/2021\/07\/Campan\u0303a-2021-300x184.jpg 300w, https:\/\/ocean-keepers.org\/wp-content\/uploads\/2021\/07\/Campan\u0303a-2021-1024x628.jpg 1024w, https:\/\/ocean-keepers.org\/wp-content\/uploads\/2021\/07\/Campan\u0303a-2021-768x471.jpg 768w, https:\/\/ocean-keepers.org\/wp-content\/uploads\/2021\/07\/Campan\u0303a-2021-1536x942.jpg 1536w\" sizes=\"(max-width: 1920px) 100vw, 1920px\" \/><\/div><\/a>\n\t\t\t\t<div class=\"elementor-post__text\">\n\t\t\t\t<h3 class=\"elementor-post__title\">\n\t\t\t<a href=\"https:\/\/ocean-keepers.org\/en\/2021\/07\/28\/limpieza-en-ibiza-y-formentera\/\" >\n\t\t\t\tLimpieza en Ibiza y Formentera\t\t\t<\/a>\n\t\t<\/h3>\n\t\t\t\t<div class=\"elementor-post__excerpt\">\n\t\t\t<p>Compartimos un v\u00eddeo con el que pretendemos mostrar c\u00f3mo hacemos nuestro trabajo. Es un resumen donde se puede ver una peque\u00f1a parte de los d\u00edas<\/p>\n\t\t<\/div>\n\t\t\t\t<\/div>\n\t\t\t\t\t<\/div>\n\t\t<\/article>\n\t\t\t\t<article class=\"elementor-post elementor-grid-item post-3090 post type-post status-publish format-standard has-post-thumbnail hentry category-medios-en\" role=\"listitem\">\n\t\t\t<div class=\"elementor-post__card\">\n\t\t\t\t<a class=\"elementor-post__thumbnail__link\" href=\"https:\/\/ocean-keepers.org\/en\/2021\/07\/07\/las-camaras-nos-quieren\/\" tabindex=\"-1\" ><div class=\"elementor-post__thumbnail\"><img loading=\"lazy\" decoding=\"async\" width=\"2310\" height=\"1300\" src=\"https:\/\/ocean-keepers.org\/wp-content\/uploads\/2022\/04\/IB3.jpg\" class=\"attachment-full size-full wp-image-3086\" alt=\"\" srcset=\"https:\/\/ocean-keepers.org\/wp-content\/uploads\/2022\/04\/IB3.jpg 2310w, https:\/\/ocean-keepers.org\/wp-content\/uploads\/2022\/04\/IB3-300x169.jpg 300w, https:\/\/ocean-keepers.org\/wp-content\/uploads\/2022\/04\/IB3-1024x576.jpg 1024w, https:\/\/ocean-keepers.org\/wp-content\/uploads\/2022\/04\/IB3-768x432.jpg 768w, https:\/\/ocean-keepers.org\/wp-content\/uploads\/2022\/04\/IB3-1536x864.jpg 1536w, https:\/\/ocean-keepers.org\/wp-content\/uploads\/2022\/04\/IB3-2048x1153.jpg 2048w\" sizes=\"(max-width: 2310px) 100vw, 2310px\" \/><\/div><\/a>\n\t\t\t\t<div class=\"elementor-post__text\">\n\t\t\t\t<h3 class=\"elementor-post__title\">\n\t\t\t<a href=\"https:\/\/ocean-keepers.org\/en\/2021\/07\/07\/las-camaras-nos-quieren\/\" >\n\t\t\t\tLas c\u00e1maras nos quieren\t\t\t<\/a>\n\t\t<\/h3>\n\t\t\t\t<div class=\"elementor-post__excerpt\">\n\t\t\t<p>El otro d\u00eda una c\u00e1mara de IB3 nos pill\u00f3 con las manos en la masa<\/p>\n\t\t<\/div>\n\t\t\t\t<\/div>\n\t\t\t\t\t<\/div>\n\t\t<\/article>\n\t\t\t\t<article class=\"elementor-post elementor-grid-item post-2956 post type-post status-publish format-standard has-post-thumbnail hentry category-colocacion-blog-en category-cta-voluntariado-en category-limpieza-en tag-voluntariado-en\" role=\"listitem\">\n\t\t\t<div class=\"elementor-post__card\">\n\t\t\t\t<a class=\"elementor-post__thumbnail__link\" href=\"https:\/\/ocean-keepers.org\/en\/2021\/07\/07\/nuestro-voluntariado\/\" tabindex=\"-1\" ><div class=\"elementor-post__thumbnail\"><img loading=\"lazy\" decoding=\"async\" width=\"850\" height=\"572\" src=\"https:\/\/ocean-keepers.org\/wp-content\/uploads\/2021\/07\/Voluntariado.jpg\" class=\"attachment-full size-full wp-image-2954\" alt=\"\" srcset=\"https:\/\/ocean-keepers.org\/wp-content\/uploads\/2021\/07\/Voluntariado.jpg 850w, https:\/\/ocean-keepers.org\/wp-content\/uploads\/2021\/07\/Voluntariado-300x202.jpg 300w, https:\/\/ocean-keepers.org\/wp-content\/uploads\/2021\/07\/Voluntariado-768x517.jpg 768w\" sizes=\"(max-width: 850px) 100vw, 850px\" \/><\/div><\/a>\n\t\t\t\t<div class=\"elementor-post__badge\">voluntariado<\/div>\n\t\t\t\t<div class=\"elementor-post__text\">\n\t\t\t\t<h3 class=\"elementor-post__title\">\n\t\t\t<a href=\"https:\/\/ocean-keepers.org\/en\/2021\/07\/07\/nuestro-voluntariado\/\" >\n\t\t\t\tNuestro voluntariado\t\t\t<\/a>\n\t\t<\/h3>\n\t\t\t\t<div class=\"elementor-post__excerpt\">\n\t\t\t<p>\u00bfQu\u00e9 har\u00edamos sin esas personas que se involucran en nuestro prop\u00f3sito y nos acompa\u00f1an en nuestras salidas? Poca cosa, la verdad. Nuestra forma de organizar<\/p>\n\t\t<\/div>\n\t\t\t\t<\/div>\n\t\t\t\t\t<\/div>\n\t\t<\/article>\n\t\t\t\t<article class=\"elementor-post elementor-grid-item post-2927 post type-post status-publish format-standard has-post-thumbnail hentry category-colocacion-derecha-en category-concienciacion-en category-empresas-colaboradoras-en tag-reciclado-en\" role=\"listitem\">\n\t\t\t<div class=\"elementor-post__card\">\n\t\t\t\t<a class=\"elementor-post__thumbnail__link\" href=\"https:\/\/ocean-keepers.org\/en\/2021\/06\/22\/accion-de-diseno-circular\/\" tabindex=\"-1\" ><div class=\"elementor-post__thumbnail\"><img loading=\"lazy\" decoding=\"async\" width=\"1116\" height=\"604\" src=\"https:\/\/ocean-keepers.org\/wp-content\/uploads\/2021\/06\/Plustic.jpg\" class=\"attachment-full size-full wp-image-2921\" alt=\"Reciclado\" srcset=\"https:\/\/ocean-keepers.org\/wp-content\/uploads\/2021\/06\/Plustic.jpg 1116w, https:\/\/ocean-keepers.org\/wp-content\/uploads\/2021\/06\/Plustic-300x162.jpg 300w, https:\/\/ocean-keepers.org\/wp-content\/uploads\/2021\/06\/Plustic-1024x554.jpg 1024w, https:\/\/ocean-keepers.org\/wp-content\/uploads\/2021\/06\/Plustic-768x416.jpg 768w\" sizes=\"(max-width: 1116px) 100vw, 1116px\" \/><\/div><\/a>\n\t\t\t\t<div class=\"elementor-post__badge\">RECICLADO<\/div>\n\t\t\t\t<div class=\"elementor-post__text\">\n\t\t\t\t<h3 class=\"elementor-post__title\">\n\t\t\t<a href=\"https:\/\/ocean-keepers.org\/en\/2021\/06\/22\/accion-de-diseno-circular\/\" >\n\t\t\t\tAcci\u00f3n de dise\u00f1o circular\t\t\t<\/a>\n\t\t<\/h3>\n\t\t\t\t<div class=\"elementor-post__excerpt\">\n\t\t\t<p>Esta semana hemos conocido una iniciativa que nos ha encantado: Plu\u0301sTic Lab. Hacen una cosa incre\u00edble: dar una segunda vida al pl\u00e1stico reciclado con dise\u00f1os<\/p>\n\t\t<\/div>\n\t\t\t\t<\/div>\n\t\t\t\t\t<\/div>\n\t\t<\/article>\n\t\t\t\t<article class=\"elementor-post elementor-grid-item post-2908 post type-post status-publish format-standard has-post-thumbnail hentry category-colocacion-derecha-en category-cta-donaciones-en category-limpieza-en tag-donaciones-en\" role=\"listitem\">\n\t\t\t<div class=\"elementor-post__card\">\n\t\t\t\t<a class=\"elementor-post__thumbnail__link\" href=\"https:\/\/ocean-keepers.org\/en\/2021\/06\/17\/seguimos-adelante-pero-necesitamos-tu-ayuda\/\" tabindex=\"-1\" ><div class=\"elementor-post__thumbnail\"><img loading=\"lazy\" decoding=\"async\" width=\"2200\" height=\"1238\" src=\"https:\/\/ocean-keepers.org\/wp-content\/uploads\/2021\/06\/Entrada-donaciones.jpg\" class=\"attachment-full size-full wp-image-2913\" alt=\"Camiseta Ocean Keepers\" srcset=\"https:\/\/ocean-keepers.org\/wp-content\/uploads\/2021\/06\/Entrada-donaciones.jpg 2200w, https:\/\/ocean-keepers.org\/wp-content\/uploads\/2021\/06\/Entrada-donaciones-300x169.jpg 300w, https:\/\/ocean-keepers.org\/wp-content\/uploads\/2021\/06\/Entrada-donaciones-1024x576.jpg 1024w, https:\/\/ocean-keepers.org\/wp-content\/uploads\/2021\/06\/Entrada-donaciones-768x432.jpg 768w, https:\/\/ocean-keepers.org\/wp-content\/uploads\/2021\/06\/Entrada-donaciones-1536x864.jpg 1536w, https:\/\/ocean-keepers.org\/wp-content\/uploads\/2021\/06\/Entrada-donaciones-2048x1152.jpg 2048w\" sizes=\"(max-width: 2200px) 100vw, 2200px\" \/><\/div><\/a>\n\t\t\t\t<div class=\"elementor-post__badge\">Donaciones<\/div>\n\t\t\t\t<div class=\"elementor-post__text\">\n\t\t\t\t<h3 class=\"elementor-post__title\">\n\t\t\t<a href=\"https:\/\/ocean-keepers.org\/en\/2021\/06\/17\/seguimos-adelante-pero-necesitamos-tu-ayuda\/\" >\n\t\t\t\tSeguimos adelante, pero necesitamos tu ayuda\t\t\t<\/a>\n\t\t<\/h3>\n\t\t\t\t<div class=\"elementor-post__excerpt\">\n\t\t\t<p>Ya de vuelta de la primera fase de limpieza en la isla de Formentera, seguimos con las labores de limpieza en la costa ibicenca.<\/p>\n\t\t<\/div>\n\t\t\t\t<\/div>\n\t\t\t\t\t<\/div>\n\t\t<\/article>\n\t\t\t\t<\/div>\n\t\t\n\t\t\t\t\t\t<\/div>\n\t\t\t\t<\/div>\n\t\t\t\t<div class=\"elementor-element elementor-element-76e7e3f elementor-widget__width-initial elementor-absolute elementor-widget-tablet__width-initial elementor-hidden-phone elementor-widget elementor-widget-spacer\" data-id=\"76e7e3f\" data-element_type=\"widget\" data-e-type=\"widget\" data-settings=\"{&quot;_position&quot;:&quot;absolute&quot;}\" data-widget_type=\"spacer.default\">\n\t\t\t\t<div class=\"elementor-widget-container\">\n\t\t\t\t\t\t\t<div class=\"elementor-spacer\">\n\t\t\t<div class=\"elementor-spacer-inner\"><\/div>\n\t\t<\/div>\n\t\t\t\t\t\t<\/div>\n\t\t\t\t<\/div>\n\t\t\t\t\t<\/div>\n\t\t<\/div>\n\t\t\t\t\t<\/div>\n\t\t<\/section>\n\t\t\t\t<\/div>\n\t\t","protected":false},"excerpt":{"rendered":"<p>Keepers in action!<\/p>\n","protected":false},"author":1,"featured_media":0,"parent":0,"menu_order":0,"comment_status":"closed","ping_status":"closed","template":"","meta":{"_acf_changed":false,"_monsterinsights_skip_tracking":false,"_monsterinsights_sitenote_active":false,"_monsterinsights_sitenote_note":"","_monsterinsights_sitenote_category":0,"footnotes":""},"class_list":["post-2700","page","type-page","status-publish","hentry"],"acf":[],"_links":{"self":[{"href":"https:\/\/ocean-keepers.org\/en\/wp-json\/wp\/v2\/pages\/2700","targetHints":{"allow":["GET"]}}],"collection":[{"href":"https:\/\/ocean-keepers.org\/en\/wp-json\/wp\/v2\/pages"}],"about":[{"href":"https:\/\/ocean-keepers.org\/en\/wp-json\/wp\/v2\/types\/page"}],"author":[{"embeddable":true,"href":"https:\/\/ocean-keepers.org\/en\/wp-json\/wp\/v2\/users\/1"}],"replies":[{"embeddable":true,"href":"https:\/\/ocean-keepers.org\/en\/wp-json\/wp\/v2\/comments?post=2700"}],"version-history":[{"count":3,"href":"https:\/\/ocean-keepers.org\/en\/wp-json\/wp\/v2\/pages\/2700\/revisions"}],"predecessor-version":[{"id":2703,"href":"https:\/\/ocean-keepers.org\/en\/wp-json\/wp\/v2\/pages\/2700\/revisions\/2703"}],"wp:attachment":[{"href":"https:\/\/ocean-keepers.org\/en\/wp-json\/wp\/v2\/media?parent=2700"}],"curies":[{"name":"wp","href":"https:\/\/api.w.org\/{rel}","templated":true}]}}